{"id":184,"date":"2018-05-28T20:16:10","date_gmt":"2018-05-28T18:16:10","guid":{"rendered":"https:\/\/www.wolfhirschhorn.com\/sitioweb\/?page_id=184"},"modified":"2025-04-01T09:13:40","modified_gmt":"2025-04-01T07:13:40","slug":"aviso-legal","status":"publish","type":"page","link":"https:\/\/wolfhirschhorn.com\/sitioweb\/aviso-legal\/","title":{"rendered":"Aviso Legal"},"content":{"rendered":"<p>[et_pb_section fb_built=\u00bb1&#8243; fullwidth=\u00bbon\u00bb _builder_version=\u00bb4.16&#8243; global_colors_info=\u00bb{}\u00bb][et_pb_fullwidth_post_title meta=\u00bboff\u00bb featured_image=\u00bboff\u00bb text_color=\u00bblight\u00bb admin_label=\u00bbT\u00edtulo Post\u00bb _builder_version=\u00bb4.16&#8243; title_font_size=\u00bb30px\u00bb title_all_caps=\u00bboff\u00bb meta_font_size=\u00bb16&#8243; background_color=\u00bb#009045&#8243; parallax=\u00bbon\u00bb custom_padding=\u00bb35px||30px|\u00bb parallax_effect=\u00bbon\u00bb module_bg_color=\u00bb#009045&#8243; use_border_color=\u00bboff\u00bb border_color=\u00bb#ffffff\u00bb border_style=\u00bbsolid\u00bb global_colors_info=\u00bb{}\u00bb][\/et_pb_fullwidth_post_title][\/et_pb_section][et_pb_section fb_built=\u00bb1&#8243; admin_label=\u00bbsection\u00bb _builder_version=\u00bb4.16&#8243; global_colors_info=\u00bb{}\u00bb][et_pb_row admin_label=\u00bbrow\u00bb _builder_version=\u00bb4.16&#8243; background_size=\u00bbinitial\u00bb background_position=\u00bbtop_left\u00bb background_repeat=\u00bbrepeat\u00bb global_colors_info=\u00bb{}\u00bb][et_pb_column type=\u00bb4_4&#8243; _builder_version=\u00bb4.16&#8243; custom_padding=\u00bb|||\u00bb global_colors_info=\u00bb{}\u00bb custom_padding__hover=\u00bb|||\u00bb][et_pb_text _builder_version=\u00bb4.16&#8243; background_size=\u00bbinitial\u00bb background_position=\u00bbtop_left\u00bb background_repeat=\u00bbrepeat\u00bb global_colors_info=\u00bb{}\u00bb]El Aviso Legal del sitio web www.wolfhirschhorn.com tiene por objeto: dar cumplimiento a la obligaci\u00f3n de informaci\u00f3n que el art\u00edculo 10 de la Ley 34\/2002, de 11 de julio, de Servicios de la Sociedad de la Informaci\u00f3n y Comercio Electr\u00f3nico impone a todo prestador de servicio as\u00ed como establecer las reglas de uso del Sitio Web que resultar\u00e1n de aplicaci\u00f3n a todos los usuarios como consecuencia de la utilizaci\u00f3n del mismo.<\/p>\n<p>Asimismo les informamos que este sitio no admite publicidad.<\/p>\n<p><strong>1. QUI\u00c9NES SOMOS<\/strong><\/p>\n<p>De acuerdo con lo dispuesto en el art\u00edculo 10 de la Ley 34\/2002, de 11 de julio, de Servicios de la Sociedad de la Informaci\u00f3n y de Comercio Electr\u00f3nico (en adelante, \u201cLSSI\u201d), ponemos en su conocimiento que la p\u00e1gina web con direcci\u00f3n URL: www.wolfhirschhorn.com (en adelante, el \u201cSitio Web\u201d) es operada por la ASOCIACION ESPA\u00d1OLA DEL SINDROME DE WOLF-HIRSCHHORN (en adelante, \u201cAESWH\u201d), con N.I.F. G86044922, inscrita en el Registro Nacional de Asociaciones, con el n\u00famero nacional 595721 del Grupo 1 de la Secci\u00f3n 1, cuyo domicilio se encuentra en la Calle Caliza 24, 2\u00baA \u2013 28032 (Madrid). Puede obtener m\u00e1s informaci\u00f3n sobre la AESWH remitiendo un correo a la siguiente direcci\u00f3n de correo electr\u00f3nico presidencia@wolfhirschhorn.com<\/p>\n<p><strong>2. CONTENIDO DEL AVISO LEGAL<\/strong><\/p>\n<p>2.1 Aceptaci\u00f3n del Aviso Legal<\/p>\n<p>El presente Aviso Legal regula la utilizaci\u00f3n de los servicios de la sociedad de la informaci\u00f3n que la AESWH pone a disposici\u00f3n de los usuarios de la red Internet a trav\u00e9s del Sitio Web.<\/p>\n<p>El acceso y utilizaci\u00f3n del Sitio Web por el usuario (en adelante, el \u201cUsuario\u201d) supone que \u00e9ste acepta en su totalidad y se obliga a cumplir por completo los t\u00e9rminos y condiciones recogidos en el presente Aviso Legal, as\u00ed como en la Pol\u00edtica de Privacidad del sitio web.<\/p>\n<p>Asimismo, ponemos en conocimiento del Usuario que para poder participar en los servicios y funcionalidades que la AESWH proporciona a trav\u00e9s del sitio web es necesario previamente darse de alta como usuario registrado del Sitio Web (en adelante \u201cUsuario Registrado\u201d). Los aludidos servicios y funcionalidades se rigen, aparte de por el presente Aviso Legal, por los t\u00e9rminos y condiciones generales que el Usuario ha de aceptar con car\u00e1cter previo a su alta como Usuario Registrado (en adelante, \u201cCondiciones de Uso\u201d).<\/p>\n<p>Adicionalmente, a trav\u00e9s del sitio web el Usuario puede realizar, entre otras, las siguientes actividades darse de alta como socio, colaborador o voluntario de la AESWH; realizar donaciones a favor de la AESWH; y participar en cuestaciones y campa\u00f1as de financiaci\u00f3n organizadas por la AESWH. La participaci\u00f3n en las expresadas actividades estar\u00e1 sometida a condiciones o instrucciones particulares que deber\u00e1n ser aceptadas por el Usuario y que, seg\u00fan se indique en cada caso concreto, sustituyen, completan y\/o modifican el presente Aviso Legal.<\/p>\n<p>2.2 Condiciones de uso del Sitio web<\/p>\n<p>El acceso al Sitio Web es gratuito, salvo en lo relativo al coste de conexi\u00f3n a trav\u00e9s de la red de telecomunicaciones suministrada por el proveedor de acceso que hubiere contratado el Usuario.<\/p>\n<p>El Usuario se compromete a no usar el Sitio Web con fines fraudulentos, as\u00ed como a no llevar a cabo conducta alguna que pudiera da\u00f1ar la imagen, los intereses y los derechos de la AESWH o de terceros. Asimismo, el Usuario se compromete a no realizar acto alguno con objeto de da\u00f1ar, inutilizar o sobrecargar el Sitio Web, o que impidiera u obstaculizara, de cualquier forma, la normal utilizaci\u00f3n y funcionamiento del mismo.<\/p>\n<p>Se informa al Usuario de que en el caso de que incumpla el contenido del presente Aviso Legal, de la Pol\u00edtica de Privacidad, de las Condiciones de Uso o de cualesquiera otros t\u00e9rminos o condiciones particulares recogidos en el Portal, la AESWH se reserva el derecho a limitar, suspender o terminar su acceso al Sitio Web, adoptando cualquier medida t\u00e9cnica que sea necesaria con ese fin. Asimismo, la AESWH se reserva la posibilidad de ejercer tales medidas en el supuesto de que sospeche razonablemente que el Usuario est\u00e1 vulnerando cualquiera de los t\u00e9rminos y condiciones recogidos en los instrumentos antes citados.<\/p>\n<p>Finalmente, ponemos en conocimiento del Usuario que la AESWH se reserva la facultad de, en todo momento, decidir sobre la continuidad de los servicios de la sociedad de la informaci\u00f3n que presta a trav\u00e9s del Portal.<\/p>\n<p>2.3 Propiedad Intelectual e Industrial<\/p>\n<p>Los derechos de propiedad intelectual sobre la disposici\u00f3n de los contenidos del sitio web, su dise\u00f1o gr\u00e1fico, los programas de ordenador subyacentes (incluidos los c\u00f3digos fuente), as\u00ed como los distintos elementos que integran el sitio web (textos, gr\u00e1ficos, fotograf\u00edas, videos, grabaciones sonoras, etc.), en adelante los \u201cContenidos\u201d, corresponden a la AESWH o a sus licenciantes. Con respecto a los signos distintivos incluidos en el Portal (marcas y nombres comerciales) los mismos son propiedad de la AESWH o de sus licenciantes.<\/p>\n<p>El uso del sitio web por el Usuario no supone la cesi\u00f3n de derecho alguno de propiedad intelectual y\/o industrial sobre el sitio web, los Contenidos y\/o los signos distintivos de la AESWH. A tal efecto, mediante el presente Aviso legal, salvo en aquellos supuestos en los que est\u00e9 legalmente permitido o medie previa autorizaci\u00f3n de la AESWH, queda expresamente prohibido al Usuario la reproducci\u00f3n, transformaci\u00f3n, distribuci\u00f3n, comunicaci\u00f3n p\u00fablica, puesta a disposici\u00f3n, extracci\u00f3n y\/o reutilizaci\u00f3n del sitio web, sus Contenidos y\/o los signos distintivos de la AESWH.<\/p>\n<p>2.4 Pol\u00edtica de enlaces (\u201cLinks\u201d)<\/p>\n<p>2.4.1 Establecimiento de enlaces con la WEB<\/p>\n<p>Queda prohibido el establecimiento de enlaces con destino al Sitio Web, a menos que el mismo haya sido previamente autorizado por la AESWH. En cualquier caso, una vez autorizado el enlace por la AESWH, el mismo deber\u00e1 establecerse en los siguientes t\u00e9rminos:<\/p>\n<p>El enlace \u00fanicamente vincular\u00e1 con la home page o p\u00e1gina principal.<\/p>\n<p>El enlace no podr\u00e1 consistir en frames o marcos que permitan la visualizaci\u00f3n de la web a trav\u00e9s de direcciones de Internet distintas a las del Sitio Web o que de cualquier otra forma muestren conjuntamente la informaci\u00f3n del sitio web con la incluida en otras p\u00e1ginas web.<\/p>\n<p>No se realizar\u00e1n desde la p\u00e1gina web que introduce el enlace (en adelante, \u201cSitio Enlazante\u201d) ning\u00fan tipo de manifestaci\u00f3n falsa, inexacta o incorrecta sobre la AESWH.<\/p>\n<p>En ning\u00fan caso se indicar\u00e1 en el Sitio Enlazante que la AESWH ha prestado su consentimiento para la inserci\u00f3n del enlace o que patrocina, colabora, verifica, supervisa o aprueba el contenido y\/o los servicios que se prestan a trav\u00e9s del Sitio Enlazante. El Sitio Enlazante deber\u00e1 cumplir fielmente con la Ley y no podr\u00e1 en ning\u00fan caso albergar contenidos, propios o de terceros, que: (i) sean il\u00edcitos, nocivos o contrarios a la moral y a las buenas costumbres (pornogr\u00e1ficos, violentos, racistas, etc.); (ii) induzcan o puedan inducir en el Usuario la falsa concepci\u00f3n de que la AESWH suscribe, respalda, se adhiere o de cualquier manera apoya, las ideas, manifestaciones o expresiones, l\u00edcitas o il\u00edcitas del remitente; y (iii) resulten inapropiados o no pertinentes con la actividad de la AESWH.<\/p>\n<p>En el supuesto de incumplimiento de cualquiera de los t\u00e9rminos antes enunciado, la AESWH proceder\u00e1 de forma inmediata y sin previa notificaci\u00f3n a la supresi\u00f3n del enlace.<\/p>\n<p>2.4.2 Sitios Enlazados<\/p>\n<p>A fin de ayudarle a encontrar informaci\u00f3n adicional, hemos incluido diversos dispositivos t\u00e9cnicos de enlaces que permiten al Usuario acceder a otras webs (en adelante, \u201cSitios Enlazados\u201d). En estos casos, la AESWH act\u00faa como un prestador de servicios de intermediaci\u00f3n, seg\u00fan lo dispuesto en el art\u00edculo 17 de la LSSI. De acuerdo con lo previsto en la citada legislaci\u00f3n, la AESWH no ser\u00e1 responsable de los servicios y contenidos facilitados a trav\u00e9s de los Sitios Enlazados, salvo que tenga conocimiento efectivo de la ilicitud y no haya desactivado el enlace con la debida diligencia.<\/p>\n<p>En ning\u00fan caso la existencia de Sitios Enlazados comporta recomendaci\u00f3n, promoci\u00f3n, identificaci\u00f3n o conformidad de la AESWH con las manifestaciones, contenidos o servicios proporcionados a trav\u00e9s de los Sitios Enlazados. En consecuencia, la AESWH no se hace responsable del contenido de los Sitios Enlazados, ni de sus condiciones de uso y pol\u00edticas de privacidad, siendo el Usuario el \u00fanico responsable de comprobarlos y aceptarlos cada vez que acceda y use los mismos.<\/p>\n<p>En el supuesto de que el Usuario considere que existen en los Sitios Enlazados contenidos il\u00edcitos, nocivos, denigrantes, violentos o inadecuados, podr\u00e1 ponerlo en conocimiento de la AESWH a trav\u00e9s de la siguiente direcci\u00f3n de correo electr\u00f3nico: presidencia@wolfhirschhorn.com. No obstante, dicha comunicaci\u00f3n en ning\u00fan caso conllevar\u00e1 la obligaci\u00f3n de la AESWH de retirar el correspondiente enlace, ni supone necesariamente el conocimiento efectivo de la AESWH de la ilicitud de los contenidos del Sitio Enlazado, a los efectos de lo previsto en la normativa vigente.<\/p>\n<p>2.5 Denuncia de contenidos il\u00edcitos o inapropiados<\/p>\n<p>Tal y como se recoge en el apartado 2.1 del presente Aviso Legal, para la participaci\u00f3n en los servicios y funcionalidades de la web (Red Social AESWH, foros, blogs, etc.) es necesario el previo alta como Usuario Registrado.<\/p>\n<p>Sin perjuicio de lo anterior, el usuario puede consultar los contenidos incluidos por los Usuarios Registrados con motivo de su participaci\u00f3n en los aludidos servicios y funcionalidades. En este sentido, en el supuesto de que el usuario observe que han sido incluidos en el Portal informaciones o contenidos de car\u00e1cter il\u00edcito, nocivo, contrarios a la moral, usos y costumbres y\/o inapropiados o no pertinentes en atenci\u00f3n a los principios, finalidades, prop\u00f3sitos y actividades de la AESWH, podr\u00e1 denunciar esta circunstancia a trav\u00e9s de la siguiente direcci\u00f3n de correo electr\u00f3nico, presidencia@wolfhirschhorn.com<\/p>\n<p>No obstante, dicha comunicaci\u00f3n en ning\u00fan caso conllevar\u00e1 necesariamente la obligaci\u00f3n de la AESWH de retirar el correspondiente contenido o informaci\u00f3n, ni supone necesariamente el conocimiento efectivo de la AESWH de la ilicitud de los contenidos del Sitio Enlazado, a los efectos de lo previsto en la normativa vigente.<\/p>\n<p>2.6 Responsabilidad de la AESWH<\/p>\n<p>El Usuario reconoce y acepta que, aunque la AESWH realiza sus mejores esfuerzos para velar por la exactitud de los contenidos e informaciones incluidos en el Sitio Web, \u00e9stos tienen car\u00e1cter general y meramente informativo. De igual modo, tiene id\u00e9ntico car\u00e1cter la informaci\u00f3n relativa a la salud y tratamientos m\u00e9dicos que se pone a disposici\u00f3n del Usuario a trav\u00e9s del Portal, no constituyendo en ning\u00fan caso dicha informaci\u00f3n la recomendaci\u00f3n por parte de la AESWH a los Usuarios de un concreto tratamiento. En consecuencia, la AESWH no se responsabiliza de las decisiones tomadas por el Usuario a partir de la informaci\u00f3n suministrada a trav\u00e9s del Sitio Web, ni de los da\u00f1os y perjuicios producidos en el Usuario o en terceros, con motivo de actuaciones que tengan como fundamento la informaci\u00f3n obtenida del Sitio Web.<\/p>\n<p>Por otro lado, a trav\u00e9s de funcionalidades tales como la Red Social AESWH, foros de opini\u00f3n, blogs, etc., la AESWH ofrece al Usuario Registrado la posibilidad de incluir en la web informaciones y contenidos. En este sentido, la AESWH realiza sus mejores esfuerzos para revisar que las informaciones y contenidos incluidos en el Portal por los Usuarios Registrados no tengan contenido il\u00edcito, denigratorio, difamatorio, violento o nocivo; ni sean contrarios a la Ley, la \u00e9tica, la moral, las buenas costumbres o los principios de la AESWH.<\/p>\n<p>No obstante, dada la imposibilidad material de realizar dicha revisi\u00f3n con car\u00e1cter exhaustivo, la publicaci\u00f3n en el Sitio Web de las informaciones y contenidos proporcionados por los Usuarios Registrados, ni puede ni debe interpretarse o entenderse en forma alguna, como una aprobaci\u00f3n, recomendaci\u00f3n, promoci\u00f3n, identificaci\u00f3n o conformidad de la AESWH con la informaci\u00f3n o contenido publicado. De este modo, en ning\u00fan caso ser\u00e1 responsable la AESWH de las informaciones y contenidos incluidos por el Usuario Registrado en el Sitio Web, siendo \u00e9ste el \u00fanico responsable de las consecuencias que se puedan derivar de la inclusi\u00f3n por su parte en la web de informaciones o contenidos il\u00edcitos.<\/p>\n<p>Sin perjuicio de lo anterior, la AESWH se reserva en los t\u00e9rminos contenidos en las Condiciones de Uso, la posibilidad de retirar en cualquier momento las informaciones o contenidos incluidos por el Usuario Registrado en el Sitio Web, en el supuesto de que considere que los mismos son potencialmente il\u00edcitos, inapropiados o inadecuados, o no pertinentes en atenci\u00f3n a los principios, finalidades, prop\u00f3sitos y actividades de la AESWH.<\/p>\n<p>Por otro lado, el acceso al Sitio Web no implica la obligaci\u00f3n por parte de la AESWH de controlar la ausencia de virus, gusanos o cualquier otro elemento inform\u00e1tico da\u00f1ino. Corresponde al Usuario, en todo caso, la utilizaci\u00f3n de herramientas adecuadas para la detecci\u00f3n de dichos elementos da\u00f1inos. En consecuencia, la AESWH no se responsabilizar\u00e1 de los da\u00f1os producidos en los equipos inform\u00e1ticos del Usuario o de terceros mediante la prestaci\u00f3n de los servicios a trav\u00e9s del Sitio Web.<\/p>\n<p>La disponibilidad del servicio requiere de servicios y suministros de terceros, incluidos servicios de transporte a trav\u00e9s de redes de telecomunicaciones cuya fiabilidad, calidad y funcionamiento no depende de la AESWH. En consecuencia, la AESWH no garantiza la disponibilidad del Sitio Web pudiendo interrumpirse, suspenderse o cancelarse en cualquier momento los servicios prestados a trav\u00e9s del mismo. En particular, la AESWH no se responsabiliza de los da\u00f1os o perjuicios de cualquier \u00edndole causados al usuario, como consecuencia de la falta de disponibilidad del Sitio Web y, en particular, los que traigan causa en fallos de las redes de telecomunicaciones. Asimismo, la AESWH se reserva el derecho a la revisi\u00f3n del Sitio Web o a la denegaci\u00f3n del acceso al mismo en cualquier momento.<\/p>\n<p>2.7 Protecci\u00f3n de datos<\/p>\n<p>Tal y como se indica en el apartado 2.1 del presente Aviso Legal, los aspectos relativos al tratamiento de los datos personales de los usuarios con motivo del uso de la web se hallan regulados en la Pol\u00edtica de Privacidad, as\u00ed como en los textos legales adjuntos a los diversos formularios de recogida de datos incluidos en el sitio web.<\/p>\n<p>2.8 Legislaci\u00f3n<\/p>\n<p>De conformidad con el art\u00edculo 3 de la LSSI, las leyes aplicables a los servicios de la sociedad de la informaci\u00f3n que la AESWH presta a trav\u00e9s del portal ser\u00e1n las del Reino de Espa\u00f1a.<\/p>\n<p>El presente Aviso Legal y sus t\u00e9rminos y condiciones se regir\u00e1n e interpretar\u00e1n de acuerdo con la Legislaci\u00f3n Espa\u00f1ola. El usuario, por el solo hecho de acceder a la p\u00e1gina web u obtener la condici\u00f3n de usuario registrado otorga, de forma irrevocable, su consentimiento a que los Tribunales competentes por defecto puedan conocer de cualquier acci\u00f3n judicial derivada de o relacionada con las presentes condiciones, o con su uso de este Sitio o la navegaci\u00f3n realizada por el mismo.<\/p>\n<p>Si alguna cl\u00e1usula o apartado de las presentes Condiciones Generales, que no sea de naturaleza esencial para la existencia del mismo, es declarada nula o inaplicable, la validez de las restantes cl\u00e1usulas no se ver\u00e1 afectada.<\/p>\n<p>En caso de que alguna de las disposiciones contenidas en el presente aviso legal sea declarada nula, se proceder\u00e1 a la retirada o sustituci\u00f3n de la misma. En cualquier caso, dicha declaraci\u00f3n de nulidad no afectar\u00e1 a la validez del resto de disposiciones recogidas en este Aviso Legal.<br \/>\n[\/et_pb_text][\/et_pb_column][\/et_pb_row][et_pb_row _builder_version=\u00bb4.16&#8243; background_size=\u00bbinitial\u00bb background_position=\u00bbtop_left\u00bb background_repeat=\u00bbrepeat\u00bb global_colors_info=\u00bb{}\u00bb][et_pb_column type=\u00bb4_4&#8243; _builder_version=\u00bb4.16&#8243; custom_padding=\u00bb|||\u00bb global_colors_info=\u00bb{}\u00bb custom_padding__hover=\u00bb|||\u00bb][et_pb_divider show_divider=\u00bboff\u00bb disabled_on=\u00bbon|on|off\u00bb _builder_version=\u00bb4.16&#8243; height=\u00bb10px\u00bb hide_on_mobile=\u00bbon\u00bb global_colors_info=\u00bb{}\u00bb][\/et_pb_divider][\/et_pb_column][\/et_pb_row][\/et_pb_section]<\/p>\n","protected":false},"excerpt":{"rendered":"<p>El Aviso Legal del sitio web www.wolfhirschhorn.com tiene por objeto: dar cumplimiento a la obligaci\u00f3n de informaci\u00f3n que el art\u00edculo 10 de la Ley 34\/2002, de 11 de julio, de Servicios de la Sociedad de la Informaci\u00f3n y Comercio Electr\u00f3nico impone a todo prestador de servicio as\u00ed como establecer las reglas de uso del Sitio [&hellip;]<\/p>\n","protected":false},"author":3,"featured_media":0,"parent":0,"menu_order":0,"comment_status":"closed","ping_status":"closed","template":"","meta":{"_et_pb_use_builder":"on","_et_pb_old_content":"","_et_gb_content_width":"","footnotes":""},"class_list":["post-184","page","type-page","status-publish","hentry"],"_links":{"self":[{"href":"https:\/\/wolfhirschhorn.com\/sitioweb\/wp-json\/wp\/v2\/pages\/184","targetHints":{"allow":["GET"]}}],"collection":[{"href":"https:\/\/wolfhirschhorn.com\/sitioweb\/wp-json\/wp\/v2\/pages"}],"about":[{"href":"https:\/\/wolfhirschhorn.com\/sitioweb\/wp-json\/wp\/v2\/types\/page"}],"author":[{"embeddable":true,"href":"https:\/\/wolfhirschhorn.com\/sitioweb\/wp-json\/wp\/v2\/users\/3"}],"replies":[{"embeddable":true,"href":"https:\/\/wolfhirschhorn.com\/sitioweb\/wp-json\/wp\/v2\/comments?post=184"}],"version-history":[{"count":0,"href":"https:\/\/wolfhirschhorn.com\/sitioweb\/wp-json\/wp\/v2\/pages\/184\/revisions"}],"wp:attachment":[{"href":"https:\/\/wolfhirschhorn.com\/sitioweb\/wp-json\/wp\/v2\/media?parent=184"}],"curies":[{"name":"wp","href":"https:\/\/api.w.org\/{rel}","templated":true}]}}